{"id":1022,"date":"2024-06-22T19:21:04","date_gmt":"2024-06-22T19:21:04","guid":{"rendered":"https:\/\/orthosmile.mu\/?page_id=1022"},"modified":"2024-07-17T06:19:31","modified_gmt":"2024-07-17T06:19:31","slug":"applications-smartphones","status":"publish","type":"page","link":"https:\/\/orthosmile.mu\/index.php\/applications-smartphones\/","title":{"rendered":"Applications smartphones"},"content":{"rendered":"<div class=\"wpb-content-wrapper\">[vc_row curly_padding=&#8221;content-padding-xl&#8221;][vc_column width=&#8221;1\/2&#8243;][vc_single_image image=&#8221;1122&#8243; img_size=&#8221;full&#8221; alignment=&#8221;center&#8221; style=&#8221;xtd-shadow&#8211;large-light&#8221; el_class=&#8221;xtd-offset-dots&#8221;][vc_row_inner][vc_column_inner width=&#8221;1\/2&#8243;][vc_single_image image=&#8221;1071&#8243; img_size=&#8221;full&#8221; alignment=&#8221;center&#8221; onclick=&#8221;custom_link&#8221; link=&#8221;https:\/\/play.google.com\/store\/apps\/details?id=fr.orqual.monortho&amp;pcampaignid=web_share&#8221;][\/vc_column_inner][vc_column_inner width=&#8221;1\/2&#8243;][vc_single_image image=&#8221;1072&#8243; img_size=&#8221;full&#8221; alignment=&#8221;center&#8221; onclick=&#8221;custom_link&#8221; link=&#8221;https:\/\/apps.apple.com\/fr\/app\/dentapoche\/id1459356041&#8243;][\/vc_column_inner][\/vc_row_inner][\/vc_column][vc_column width=&#8221;5\/12&#8243; offset=&#8221;vc_col-lg-offset-1 vc_col-lg-4 vc_col-sm-offset-1&#8243;][vc_column_text]\n<h1 class=\"special-title\"><strong>DENTAPOCHE<\/strong><\/h1>\n[\/vc_column_text][vc_column_text]V\u00e9ritable centre de contr\u00f4le pour le suivi de votre traitement orthodontique, cette application vous permet de vous connecter \u00e0 votre espace patient depuis votre smartphone.<\/p>\n<blockquote><p>&#8220;Toutes les informations sur votre traitement d&#8217;orthodontie dans votre poche.&#8221;<\/p><\/blockquote>\n[\/vc_column_text][\/vc_column][\/vc_row][vc_row content_placement=&#8221;middle&#8221; curly_padding=&#8221;content-padding-xl&#8221;][vc_column width=&#8221;1\/2&#8243;][vc_single_image image=&#8221;1124&#8243; img_size=&#8221;full&#8221; style=&#8221;xtd-shadow&#8211;large-light&#8221; el_class=&#8221;xtd-offset-dots&#8221; css=&#8221;.vc_custom_1721196968672{margin-right: 4rem !important;}&#8221;][\/vc_column][vc_column width=&#8221;5\/12&#8243; offset=&#8221;vc_col-sm-offset-1&#8243;][vc_column_text]\n<p class=\"lead\">Plus de probl\u00e8mes de RDV oubli\u00e9s, vous avez acc\u00e8s \u00e0 tous vos rendez-vous (prochains et anciens) et une notification vous pr\u00e9viendra la veille de votre RDV.<\/p>\n[\/vc_column_text][\/vc_column][\/vc_row][vc_row content_placement=&#8221;middle&#8221; curly_padding=&#8221;content-padding-xl&#8221;][vc_column width=&#8221;1\/2&#8243;][vc_column_text]\n<p class=\"lead\">Vous pouvez consulter vos photos et vos radios prises au cabinet et les t\u00e9l\u00e9charger (pour suivre l&#8217;\u00e9volution de votre traitement, les donner \u00e0 votre dentiste &#8230;) ainsi que tout vos documents (devis, factures, ordonnances &#8230;)<\/p>\n[\/vc_column_text][\/vc_column][vc_column width=&#8221;5\/12&#8243; offset=&#8221;vc_col-sm-offset-1&#8243;][vc_single_image image=&#8221;1125&#8243; img_size=&#8221;full&#8221; style=&#8221;xtd-shadow&#8211;large-light&#8221; el_class=&#8221;xtd-offset-dots&#8221; css=&#8221;.vc_custom_1721196983673{margin-right: 4rem !important;}&#8221;][\/vc_column][\/vc_row][vc_row curly_padding=&#8221;content-padding-xl&#8221;][vc_column width=&#8221;1\/2&#8243;][vc_row_inner][vc_column_inner][vc_video link=&#8221;https:\/\/youtu.be\/4dRThUEe-Nc&#8221; align=&#8221;center&#8221;][\/vc_column_inner][\/vc_row_inner][\/vc_column][vc_column width=&#8221;5\/12&#8243; offset=&#8221;vc_col-lg-offset-1 vc_col-lg-4 vc_col-sm-offset-1&#8243;][vc_column_text]\n<blockquote><p>Un chat vous permet \u00e9galement de communiquer rapidement avec le cabinet \u00e0 n&#8217;importe quel moment.<\/p><\/blockquote>\n[\/vc_column_text][\/vc_column][\/vc_row]\n<\/div>","protected":false},"excerpt":{"rendered":"<p>[vc_row curly_padding=&#8221;content-padding-xl&#8221;][vc_column width=&#8221;1\/2&#8243;][vc_single_image image=&#8221;1122&#8243; img_size=&#8221;full&#8221; alignment=&#8221;center&#8221; style=&#8221;xtd-shadow&#8211;large-light&#8221; el_class=&#8221;xtd-offset-dots&#8221;][vc_row_inner][vc_column_inner width=&#8221;1\/2&#8243;][vc_single_image image=&#8221;1071&#8243; img_size=&#8221;full&#8221; alignment=&#8221;center&#8221; onclick=&#8221;custom_link&#8221; link=&#8221;https:\/\/play.google.com\/store\/apps\/details?id=fr.orqual.monortho&amp;pcampaignid=web_share&#8221;][\/vc_column_inner][vc_column_inner width=&#8221;1\/2&#8243;][vc_single_image image=&#8221;1072&#8243; img_size=&#8221;full&#8221; alignment=&#8221;center&#8221; onclick=&#8221;custom_link&#8221; link=&#8221;https:\/\/apps.apple.com\/fr\/app\/dentapoche\/id1459356041&#8243;][\/vc_column_inner][\/vc_row_inner][\/vc_column][vc_column width=&#8221;5\/12&#8243; offset=&#8221;vc_col-lg-offset-1 vc_col-lg-4 vc_col-sm-offset-1&#8243;][vc_column_text] DENTAPOCHE [\/vc_column_text][vc_column_text]V\u00e9ritable centre de contr\u00f4le pour le suivi de votre traitement orthodontique, cette application vous permet de vous connecter \u00e0 votre espace patient depuis votre smartphone. &#8220;Toutes les informations sur votre traitement d&#8217;orthodontie dans votre poche.&#8221; [&hellip;]<\/p>\n","protected":false},"author":1,"featured_media":0,"parent":0,"menu_order":0,"comment_status":"closed","ping_status":"closed","template":"","meta":{"inline_featured_image":false,"footnotes":""},"class_list":["post-1022","page","type-page","status-publish","hentry"],"_links":{"self":[{"href":"https:\/\/orthosmile.mu\/index.php\/wp-json\/wp\/v2\/pages\/1022","targetHints":{"allow":["GET"]}}],"collection":[{"href":"https:\/\/orthosmile.mu\/index.php\/wp-json\/wp\/v2\/pages"}],"about":[{"href":"https:\/\/orthosmile.mu\/index.php\/wp-json\/wp\/v2\/types\/page"}],"author":[{"embeddable":true,"href":"https:\/\/orthosmile.mu\/index.php\/wp-json\/wp\/v2\/users\/1"}],"replies":[{"embeddable":true,"href":"https:\/\/orthosmile.mu\/index.php\/wp-json\/wp\/v2\/comments?post=1022"}],"version-history":[{"count":12,"href":"https:\/\/orthosmile.mu\/index.php\/wp-json\/wp\/v2\/pages\/1022\/revisions"}],"predecessor-version":[{"id":1084,"href":"https:\/\/orthosmile.mu\/index.php\/wp-json\/wp\/v2\/pages\/1022\/revisions\/1084"}],"wp:attachment":[{"href":"https:\/\/orthosmile.mu\/index.php\/wp-json\/wp\/v2\/media?parent=1022"}],"curies":[{"name":"wp","href":"https:\/\/api.w.org\/{rel}","templated":true}]}}