{"id":1028,"date":"2024-06-15T06:56:28","date_gmt":"2024-06-15T06:56:28","guid":{"rendered":"https:\/\/orthosmile.mu\/?page_id=1028"},"modified":"2024-06-15T07:15:44","modified_gmt":"2024-06-15T07:15:44","slug":"la-classe-ii-orthodontique","status":"publish","type":"page","link":"https:\/\/orthosmile.mu\/index.php\/les-soin\/la-classe-ii-orthodontique\/","title":{"rendered":"La Classe II orthodontique"},"content":{"rendered":"<div class=\"wpb-content-wrapper\">[vc_row curly_padding=&#8221;content-padding-xl&#8221;][vc_column][vc_column_text]\n<h1 class=\"special-title\"><strong>La Classe II orthodontique<\/strong><\/h1>\n[\/vc_column_text][vc_column_text]Une Classe II orthodontique fait r\u00e9f\u00e9rence \u00e0 une classification des malocclusions dentaires selon la classification d&#8217;Angle. Cette classification est bas\u00e9e sur la relation entre les dents sup\u00e9rieures (maxillaires) et les dents inf\u00e9rieures (mandibulaires) ainsi que sur l&#8217;alignement des arcades dentaires. Dans une Classe II orthodontique, il existe un d\u00e9salignement sp\u00e9cifique qui se caract\u00e9rise par:<\/p>\n<ol>\n<li><strong>Surplomb Horizontal (Overjet) Augment\u00e9<\/strong>: Les dents ant\u00e9rieures sup\u00e9rieures sont significativement avanc\u00e9es par rapport aux dents ant\u00e9rieures inf\u00e9rieures. En d&#8217;autres termes, les incisives sup\u00e9rieures d\u00e9passent excessivement les incisives inf\u00e9rieures.<\/li>\n<li><strong>Relations Molaire et Canine<\/strong>: Les premi\u00e8res molaires permanentes sup\u00e9rieures sont en position plus avanc\u00e9e que les premi\u00e8res molaires inf\u00e9rieures. Plus pr\u00e9cis\u00e9ment, la cuspide m\u00e9sio-buccale de la premi\u00e8re molaire sup\u00e9rieure se situe en avant de la cuspide buccale de la premi\u00e8re molaire inf\u00e9rieure.<\/li>\n<\/ol>\n<p>Les Classe II peuvent \u00eatre subdivis\u00e9es en deux divisions:<\/p>\n<ul>\n<li><strong>Classe II Division 1<\/strong>: Les incisives sup\u00e9rieures sont fortement inclin\u00e9es vers l&#8217;avant, augmentant l&#8217;overjet. C&#8217;est le cas le plus commun\u00e9ment associ\u00e9 \u00e0 une apparence de &#8220;dents de lapin&#8221;.<\/li>\n<li><strong>Classe II Division 2<\/strong>: Les incisives sup\u00e9rieures sont inclin\u00e9es vers l&#8217;arri\u00e8re (lingualement), ce qui peut donner une apparence de fermeture excessive ou de surplomb vertical (overbite) augment\u00e9.<\/li>\n<\/ul>\n<p><strong>Causes et Cons\u00e9quences<\/strong><\/p>\n<p>Les malocclusions de Classe II peuvent avoir des causes multiples, incluant des facteurs g\u00e9n\u00e9tiques, des habitudes orales (comme la succion du pouce), une croissance disproportionn\u00e9e des m\u00e2choires ou des anomalies dans le d\u00e9veloppement dentaire.<\/p>\n<p>Les cons\u00e9quences peuvent \u00eatre esth\u00e9tiques, fonctionnelles ou une combinaison des deux, et incluent des difficult\u00e9s \u00e0 fermer les l\u00e8vres, une esth\u00e9tique faciale alt\u00e9r\u00e9e, des probl\u00e8mes de mastication, de parole et une pr\u00e9disposition accrue aux traumatismes dentaires ant\u00e9rieurs.<\/p>\n<p><strong>Traitement<\/strong><\/p>\n<p>Le traitement orthodontique des malocclusions de Classe II d\u00e9pend de l&#8217;\u00e2ge du patient, de la s\u00e9v\u00e9rit\u00e9 de la malocclusion et de la pr\u00e9sence d&#8217;autres probl\u00e8mes dentaires ou squelettiques. Les options de traitement peuvent inclure:<\/p>\n<ul>\n<li><strong>Appareils orthodontiques fixes<\/strong>: Brackets et fils pour d\u00e9placer les dents vers leur position correcte.<\/li>\n<li><strong>Appareils fonctionnels<\/strong>: Pour moduler la croissance des m\u00e2choires chez les enfants et les adolescents.<\/li>\n<li><strong>Chirurgie orthognathique<\/strong>: Dans les cas graves, pour corriger les d\u00e9salignements squelettiques.<\/li>\n<\/ul>\n[\/vc_column_text][\/vc_column][\/vc_row]\n<\/div>","protected":false},"excerpt":{"rendered":"<p>[vc_row curly_padding=&#8221;content-padding-xl&#8221;][vc_column][vc_column_text] La Classe II orthodontique [\/vc_column_text][vc_column_text]Une Classe II orthodontique fait r\u00e9f\u00e9rence \u00e0 une classification des malocclusions dentaires selon la classification d&#8217;Angle. Cette classification est bas\u00e9e sur la relation entre les dents sup\u00e9rieures (maxillaires) et les dents inf\u00e9rieures (mandibulaires) ainsi que sur l&#8217;alignement des arcades dentaires. Dans une Classe II orthodontique, il existe un d\u00e9salignement sp\u00e9cifique qui se caract\u00e9rise par: [&hellip;]<\/p>\n","protected":false},"author":1,"featured_media":0,"parent":1041,"menu_order":0,"comment_status":"closed","ping_status":"closed","template":"","meta":{"inline_featured_image":false,"footnotes":""},"class_list":["post-1028","page","type-page","status-publish","hentry"],"_links":{"self":[{"href":"https:\/\/orthosmile.mu\/index.php\/wp-json\/wp\/v2\/pages\/1028","targetHints":{"allow":["GET"]}}],"collection":[{"href":"https:\/\/orthosmile.mu\/index.php\/wp-json\/wp\/v2\/pages"}],"about":[{"href":"https:\/\/orthosmile.mu\/index.php\/wp-json\/wp\/v2\/types\/page"}],"author":[{"embeddable":true,"href":"https:\/\/orthosmile.mu\/index.php\/wp-json\/wp\/v2\/users\/1"}],"replies":[{"embeddable":true,"href":"https:\/\/orthosmile.mu\/index.php\/wp-json\/wp\/v2\/comments?post=1028"}],"version-history":[{"count":3,"href":"https:\/\/orthosmile.mu\/index.php\/wp-json\/wp\/v2\/pages\/1028\/revisions"}],"predecessor-version":[{"id":1032,"href":"https:\/\/orthosmile.mu\/index.php\/wp-json\/wp\/v2\/pages\/1028\/revisions\/1032"}],"up":[{"embeddable":true,"href":"https:\/\/orthosmile.mu\/index.php\/wp-json\/wp\/v2\/pages\/1041"}],"wp:attachment":[{"href":"https:\/\/orthosmile.mu\/index.php\/wp-json\/wp\/v2\/media?parent=1028"}],"curies":[{"name":"wp","href":"https:\/\/api.w.org\/{rel}","templated":true}]}}