{"id":1091,"date":"2024-06-22T19:42:25","date_gmt":"2024-06-22T19:42:25","guid":{"rendered":"https:\/\/orthosmile.mu\/?page_id=1091"},"modified":"2024-06-22T19:42:25","modified_gmt":"2024-06-22T19:42:25","slug":"conseils-pratiques","status":"publish","type":"page","link":"https:\/\/orthosmile.mu\/index.php\/conseils-pratiques\/","title":{"rendered":"Conseils pratiques"},"content":{"rendered":"<div class=\"wpb-content-wrapper\">[vc_row curly_padding=&#8221;content-padding-xl&#8221;][vc_column][vc_column_text]\n<h1 class=\"special-title\"><strong>Hygi\u00e8ne bucco dentaire<\/strong><\/h1>\n[\/vc_column_text][vc_column_text]Pendant un traitement orthodontique, il est <strong>tr\u00e8s important de se brosser les dents et les gencives r\u00e9guli\u00e8rement<\/strong>, pour \u00e9viter ou r\u00e9duire l&#8217;apparition de la plaque dentaire et la cr\u00e9ation de caries, pr\u00e9venir la maladie parodontale, \u00e9viter l&#8217;halitose (mauvaise haleine). Notamment avec des bagues ou tout autre dispositif orthodontique, qui constituent une barri\u00e8re r\u00e9tentive \u00e0 la plaque dentaire qui s&#8217;accumulera entre les bagues ou le dispositif et la gencive pouvant cr\u00e9er de nombreux probl\u00e8mes (caries, d\u00e9min\u00e9ralisations et taches sur les dents, diminution de la gencive &#8230;). Tous ces risques sont sp\u00e9cifi\u00e9s dans le consentement \u00e9clair\u00e9.<\/p>\n<p>&#8211; Brossez vos dents <strong>apr\u00e8s chaque repas<\/strong> (3 fois par jour),<\/p>\n<p>&#8211; Brossez vos <strong>gencives<\/strong>, et en cas de saignement n&#8217;\u00e9vitez pas les zones sensibles, mais concentrez vous dessus, cela les fera gu\u00e9rir et d\u00e9gonfler,<\/p>\n<p>&#8211; Passez du <strong>temps <\/strong>(au moins 2 minutes)<\/p>\n<p>&#8211; <strong>V\u00e9rifiez le r\u00e9sultat<\/strong> en souriant devant un miroir et reprenez les zones o\u00f9 il reste de la plaque.<\/p>\n<p>Il existe diff\u00e9rents moyens \u00e0 votre disposition: <strong>les brosses \u00e0 dents manuelles<\/strong> ou <strong>\u00e9lectriques<\/strong>, le <strong>fil dentaire<\/strong> et les <strong>brossettes<\/strong>.[\/vc_column_text][vc_row_inner][vc_column_inner][vc_video link=&#8221;https:\/\/youtu.be\/feyaEbdJgIU&#8221; align=&#8221;center&#8221;][\/vc_column_inner][\/vc_row_inner][\/vc_column][\/vc_row]\n<\/div>","protected":false},"excerpt":{"rendered":"<p>[vc_row curly_padding=&#8221;content-padding-xl&#8221;][vc_column][vc_column_text] Hygi\u00e8ne bucco dentaire [\/vc_column_text][vc_column_text]Pendant un traitement orthodontique, il est tr\u00e8s important de se brosser les dents et les gencives r\u00e9guli\u00e8rement, pour \u00e9viter ou r\u00e9duire l&#8217;apparition de la plaque dentaire et la cr\u00e9ation de caries, pr\u00e9venir la maladie parodontale, \u00e9viter l&#8217;halitose (mauvaise haleine). Notamment avec des bagues ou tout autre dispositif orthodontique, qui constituent une barri\u00e8re r\u00e9tentive \u00e0 la [&hellip;]<\/p>\n","protected":false},"author":1,"featured_media":0,"parent":0,"menu_order":0,"comment_status":"closed","ping_status":"closed","template":"","meta":{"inline_featured_image":false,"footnotes":""},"class_list":["post-1091","page","type-page","status-publish","hentry"],"_links":{"self":[{"href":"https:\/\/orthosmile.mu\/index.php\/wp-json\/wp\/v2\/pages\/1091","targetHints":{"allow":["GET"]}}],"collection":[{"href":"https:\/\/orthosmile.mu\/index.php\/wp-json\/wp\/v2\/pages"}],"about":[{"href":"https:\/\/orthosmile.mu\/index.php\/wp-json\/wp\/v2\/types\/page"}],"author":[{"embeddable":true,"href":"https:\/\/orthosmile.mu\/index.php\/wp-json\/wp\/v2\/users\/1"}],"replies":[{"embeddable":true,"href":"https:\/\/orthosmile.mu\/index.php\/wp-json\/wp\/v2\/comments?post=1091"}],"version-history":[{"count":1,"href":"https:\/\/orthosmile.mu\/index.php\/wp-json\/wp\/v2\/pages\/1091\/revisions"}],"predecessor-version":[{"id":1092,"href":"https:\/\/orthosmile.mu\/index.php\/wp-json\/wp\/v2\/pages\/1091\/revisions\/1092"}],"wp:attachment":[{"href":"https:\/\/orthosmile.mu\/index.php\/wp-json\/wp\/v2\/media?parent=1091"}],"curies":[{"name":"wp","href":"https:\/\/api.w.org\/{rel}","templated":true}]}}