{"id":1095,"date":"2024-06-22T19:46:26","date_gmt":"2024-06-22T19:46:26","guid":{"rendered":"https:\/\/orthosmile.mu\/?page_id=1095"},"modified":"2024-06-22T19:46:26","modified_gmt":"2024-06-22T19:46:26","slug":"prendre-soin-de-ses-gouttieres","status":"publish","type":"page","link":"https:\/\/orthosmile.mu\/index.php\/conseils-pratiques\/prendre-soin-de-ses-gouttieres\/","title":{"rendered":"Prendre soin de ses goutti\u00e8res"},"content":{"rendered":"<div class=\"wpb-content-wrapper\">[vc_row curly_padding=&#8221;content-padding-xl&#8221;][vc_column width=&#8221;2\/3&#8243;][vc_column_text]\n<h1 class=\"special-title\"><strong>Prendre soin de ses goutti\u00e8res<\/strong><\/h1>\n[\/vc_column_text][vc_column_text]Vous avez opt\u00e9 pour les aligneurs transparents ?<br \/>\nmais \u2026 vous ne savez pas comment en prendre soin ?<\/p>\n<p>Pas de probl\u00e8me ! Il vous suffit de suivre ces simples conseils.<\/p>\n<p>Pour l\u2019hygi\u00e8ne quotidienne : dentifrice et brosse \u00e0 dent<\/p>\n<p>Effectuez correctement, un brossage r\u00e9gulier apr\u00e8s chaque repas, vous permettra de garder vos aligneurs propres et transparents comme au premier jour. Utilisez un dentifrice et une brosse \u00e0 dent souple comme celle utilis\u00e9e lors du brossage de vos dents. Brossez m\u00e9ticuleusement l\u2019ext\u00e9rieur et l\u2019int\u00e9rieur de vos goutti\u00e8res en prenant soin de passer la brosse dans tous les recoins.<\/p>\n<p>Ne pas les prendre en entier dans le creux de la main car vous risquez de les tordre et de les casser. Puis rincez-les<\/p>\n<p>Cette technique est suffisante pour avoir des aligneurs propres. N\u00e9anmoins, vous pouvez avoir recours aux techniques ci-dessous.<\/p>\n<p>Pour une \u00ab d\u00e9sinfection \u00bb plus pouss\u00e9e : les pastilles effervescentes<\/p>\n<p>Apr\u00e8s brossage des aligneurs, vous pouvez laisser tremper vos goutti\u00e8res dans une solution effervescente. En fonction de vos besoins, les pastilles peuvent \u00eatre utilis\u00e9es quotidiennement ou 1 \u00e0 2 fois par semaine.<\/p>\n<p>Les pastilles effervescentes permettent d\u2019\u00e9viter la prolif\u00e9ration des germes, d\u2019enlever les salet\u00e9s, et notamment d\u2019emp\u00eacher l\u2019entartrage des aligneurs.[\/vc_column_text][\/vc_column][vc_column width=&#8221;1\/3&#8243;][vc_single_image image=&#8221;1096&#8243; img_size=&#8221;full&#8221;][\/vc_column][\/vc_row]\n<\/div>","protected":false},"excerpt":{"rendered":"<p>[vc_row curly_padding=&#8221;content-padding-xl&#8221;][vc_column width=&#8221;2\/3&#8243;][vc_column_text] Prendre soin de ses goutti\u00e8res [\/vc_column_text][vc_column_text]Vous avez opt\u00e9 pour les aligneurs transparents ? mais \u2026 vous ne savez pas comment en prendre soin ? Pas de probl\u00e8me ! Il vous suffit de suivre ces simples conseils. Pour l\u2019hygi\u00e8ne quotidienne : dentifrice et brosse \u00e0 dent Effectuez correctement, un brossage r\u00e9gulier apr\u00e8s chaque repas, vous permettra de garder [&hellip;]<\/p>\n","protected":false},"author":1,"featured_media":0,"parent":1091,"menu_order":0,"comment_status":"closed","ping_status":"closed","template":"","meta":{"inline_featured_image":false,"footnotes":""},"class_list":["post-1095","page","type-page","status-publish","hentry"],"_links":{"self":[{"href":"https:\/\/orthosmile.mu\/index.php\/wp-json\/wp\/v2\/pages\/1095","targetHints":{"allow":["GET"]}}],"collection":[{"href":"https:\/\/orthosmile.mu\/index.php\/wp-json\/wp\/v2\/pages"}],"about":[{"href":"https:\/\/orthosmile.mu\/index.php\/wp-json\/wp\/v2\/types\/page"}],"author":[{"embeddable":true,"href":"https:\/\/orthosmile.mu\/index.php\/wp-json\/wp\/v2\/users\/1"}],"replies":[{"embeddable":true,"href":"https:\/\/orthosmile.mu\/index.php\/wp-json\/wp\/v2\/comments?post=1095"}],"version-history":[{"count":1,"href":"https:\/\/orthosmile.mu\/index.php\/wp-json\/wp\/v2\/pages\/1095\/revisions"}],"predecessor-version":[{"id":1097,"href":"https:\/\/orthosmile.mu\/index.php\/wp-json\/wp\/v2\/pages\/1095\/revisions\/1097"}],"up":[{"embeddable":true,"href":"https:\/\/orthosmile.mu\/index.php\/wp-json\/wp\/v2\/pages\/1091"}],"wp:attachment":[{"href":"https:\/\/orthosmile.mu\/index.php\/wp-json\/wp\/v2\/media?parent=1095"}],"curies":[{"name":"wp","href":"https:\/\/api.w.org\/{rel}","templated":true}]}}