{"id":1100,"date":"2024-06-22T19:51:51","date_gmt":"2024-06-22T19:51:51","guid":{"rendered":"https:\/\/orthosmile.mu\/?page_id=1100"},"modified":"2024-06-22T19:51:51","modified_gmt":"2024-06-22T19:51:51","slug":"1ere-consultation","status":"publish","type":"page","link":"https:\/\/orthosmile.mu\/index.php\/conseils-pratiques\/1ere-consultation\/","title":{"rendered":"1\u00e8re consultation"},"content":{"rendered":"<div class=\"wpb-content-wrapper\">[vc_row curly_padding=&#8221;content-padding-xl&#8221;][vc_column][vc_column_text]\n<h1 class=\"special-title\"><strong>1\u00e8re consultation<\/strong><\/h1>\n[\/vc_column_text][vc_column_text]Le 1er rendez-vous nous permet d&#8217;\u00e9tablir un <strong>examen clinique<\/strong>. Pour cela, nous allons prendre des <strong>photos <\/strong>de votre visage et de vos dents ainsi que des radiographies.<\/p>\n<p>\u00c0 partir de l\u00e0, nous pourrons \u00e9tablir un <strong>diagnostic <\/strong>pr\u00e9cis et vous proposer un <strong>plan de traitement<\/strong> adapt\u00e9 \u00e0 vos besoins, ainsi qu&#8217;un <strong>devis<\/strong>.<\/p>\n<p>Si nous n&#8217;estimons pas n\u00e9cessaire de d\u00e9buter un traitement, nous vous proposerons un examen de contr\u00f4le sous six mois \u00e0 un an.<\/p>\n<p>La 1\u00e8re consultation est factur\u00e9e <strong>23\u20ac<\/strong>, et est <strong>enti\u00e8rement prise en charge par la s\u00e9curit\u00e9 sociale et votre mutuelle.<\/strong>[\/vc_column_text][vc_single_image image=&#8221;1096&#8243; img_size=&#8221;full&#8221;][\/vc_column][\/vc_row]\n<\/div>","protected":false},"excerpt":{"rendered":"<p>[vc_row curly_padding=&#8221;content-padding-xl&#8221;][vc_column][vc_column_text] 1\u00e8re consultation [\/vc_column_text][vc_column_text]Le 1er rendez-vous nous permet d&#8217;\u00e9tablir un examen clinique. Pour cela, nous allons prendre des photos de votre visage et de vos dents ainsi que des radiographies. \u00c0 partir de l\u00e0, nous pourrons \u00e9tablir un diagnostic pr\u00e9cis et vous proposer un plan de traitement adapt\u00e9 \u00e0 vos besoins, ainsi qu&#8217;un devis. Si nous n&#8217;estimons pas n\u00e9cessaire [&hellip;]<\/p>\n","protected":false},"author":1,"featured_media":0,"parent":1091,"menu_order":0,"comment_status":"closed","ping_status":"closed","template":"","meta":{"inline_featured_image":false,"footnotes":""},"class_list":["post-1100","page","type-page","status-publish","hentry"],"_links":{"self":[{"href":"https:\/\/orthosmile.mu\/index.php\/wp-json\/wp\/v2\/pages\/1100","targetHints":{"allow":["GET"]}}],"collection":[{"href":"https:\/\/orthosmile.mu\/index.php\/wp-json\/wp\/v2\/pages"}],"about":[{"href":"https:\/\/orthosmile.mu\/index.php\/wp-json\/wp\/v2\/types\/page"}],"author":[{"embeddable":true,"href":"https:\/\/orthosmile.mu\/index.php\/wp-json\/wp\/v2\/users\/1"}],"replies":[{"embeddable":true,"href":"https:\/\/orthosmile.mu\/index.php\/wp-json\/wp\/v2\/comments?post=1100"}],"version-history":[{"count":1,"href":"https:\/\/orthosmile.mu\/index.php\/wp-json\/wp\/v2\/pages\/1100\/revisions"}],"predecessor-version":[{"id":1101,"href":"https:\/\/orthosmile.mu\/index.php\/wp-json\/wp\/v2\/pages\/1100\/revisions\/1101"}],"up":[{"embeddable":true,"href":"https:\/\/orthosmile.mu\/index.php\/wp-json\/wp\/v2\/pages\/1091"}],"wp:attachment":[{"href":"https:\/\/orthosmile.mu\/index.php\/wp-json\/wp\/v2\/media?parent=1100"}],"curies":[{"name":"wp","href":"https:\/\/api.w.org\/{rel}","templated":true}]}}