{"id":1102,"date":"2024-06-22T19:57:50","date_gmt":"2024-06-22T19:57:50","guid":{"rendered":"https:\/\/orthosmile.mu\/?page_id=1102"},"modified":"2024-06-22T19:57:50","modified_gmt":"2024-06-22T19:57:50","slug":"urgences","status":"publish","type":"page","link":"https:\/\/orthosmile.mu\/index.php\/conseils-pratiques\/urgences\/","title":{"rendered":"Urgences"},"content":{"rendered":"<div class=\"wpb-content-wrapper\">[vc_row curly_padding=&#8221;content-padding-xl&#8221;][vc_column][vc_column_text]\n<h1 class=\"special-title\"><strong>Urgences<\/strong><\/h1>\n[\/vc_column_text][\/vc_column][\/vc_row][vc_row curly_padding=&#8221;content-padding-xl&#8221;][vc_column width=&#8221;2\/3&#8243;][vc_column_text]Lorsqu&#8217;un <strong>bracket est d\u00e9coll\u00e9<\/strong>, il reste attach\u00e9 au fil et ne risque pas de tomber.<\/p>\n<p>Si cela ne g\u00eane pas, attendez le prochain rendez-vous, car une seule attache ne compromet pas la dur\u00e9e du traitement.<\/p>\n<p>Si il y a une douleur, ou si il s&#8217;agit d&#8217;une attache sur laquelle est accroch\u00e9e un \u00e9lastique, il faut appeler le cabinet pour avancer le rendez-vous.[\/vc_column_text][\/vc_column][vc_column width=&#8221;1\/3&#8243;][vc_single_image image=&#8221;1106&#8243; img_size=&#8221;full&#8221; alignment=&#8221;center&#8221;][\/vc_column][\/vc_row][vc_row curly_padding=&#8221;content-padding-xl&#8221;][vc_column width=&#8221;1\/4&#8243;][vc_single_image image=&#8221;1105&#8243; img_size=&#8221;full&#8221; alignment=&#8221;center&#8221;][\/vc_column][vc_column width=&#8221;3\/4&#8243;][vc_column_text]Lorsqu&#8217;un <strong>fil d\u00e9passe<\/strong> et qu&#8217;il vous blesse, essayez de couper l&#8217;extr\u00e9mit\u00e9 avec une pince coupante.<\/p>\n<p>Sinon recouvrez l&#8217;extr\u00e9mit\u00e9 du fil avec de la cire et appelez le cabinet pour prendre un rendez-vous d&#8217;urgence.[\/vc_column_text][\/vc_column][\/vc_row][vc_row curly_padding=&#8221;content-padding-xl&#8221;][vc_column width=&#8221;2\/3&#8243;][vc_column_text]En cas de <strong>blessure <\/strong>ou d&#8217;un <strong>frottement du bracket sur la joue ou les l\u00e8vres,<\/strong> r\u00e9chauffez entre les doigts un morceau de cire et collez le sur la zone blessante pour prot\u00e9ger temporairement la zone irrit\u00e9e, en attendant que la gencive s&#8217;habitue.[\/vc_column_text][\/vc_column][vc_column width=&#8221;1\/3&#8243;][vc_single_image image=&#8221;1106&#8243; img_size=&#8221;full&#8221; alignment=&#8221;center&#8221;][\/vc_column][\/vc_row][vc_row curly_padding=&#8221;content-padding-xl&#8221;][vc_column width=&#8221;1\/4&#8243;][vc_single_image image=&#8221;1103&#8243; img_size=&#8221;full&#8221; alignment=&#8221;center&#8221;][\/vc_column][vc_column width=&#8221;3\/4&#8243;][vc_column_text]Lorsque le <strong>bras d&#8217;un Quad H\u00e9lix s&#8217;est tordu<\/strong> et blesse, essayez de le redresser en for\u00e7ant l\u00e9g\u00e8rement dessus. Si vous ne soulagez pas la g\u00eane, prenez contact avec le cabinet pour un rendez-vous d&#8217;urgence.<\/p>\n<p>Si la <strong>bague de votre appareil s&#8217;est enlev\u00e9e<\/strong>, appelez le cabinet pour convenir d&#8217;un rendez-vous pour que nous puissions la resceller.[\/vc_column_text][\/vc_column][\/vc_row]\n<\/div>","protected":false},"excerpt":{"rendered":"<p>[vc_row curly_padding=&#8221;content-padding-xl&#8221;][vc_column][vc_column_text] Urgences [\/vc_column_text][\/vc_column][\/vc_row][vc_row curly_padding=&#8221;content-padding-xl&#8221;][vc_column width=&#8221;2\/3&#8243;][vc_column_text]Lorsqu&#8217;un bracket est d\u00e9coll\u00e9, il reste attach\u00e9 au fil et ne risque pas de tomber. Si cela ne g\u00eane pas, attendez le prochain rendez-vous, car une seule attache ne compromet pas la dur\u00e9e du traitement. Si il y a une douleur, ou si il s&#8217;agit d&#8217;une attache sur laquelle est accroch\u00e9e un \u00e9lastique, il faut [&hellip;]<\/p>\n","protected":false},"author":1,"featured_media":0,"parent":1091,"menu_order":0,"comment_status":"closed","ping_status":"closed","template":"","meta":{"inline_featured_image":false,"footnotes":""},"class_list":["post-1102","page","type-page","status-publish","hentry"],"_links":{"self":[{"href":"https:\/\/orthosmile.mu\/index.php\/wp-json\/wp\/v2\/pages\/1102","targetHints":{"allow":["GET"]}}],"collection":[{"href":"https:\/\/orthosmile.mu\/index.php\/wp-json\/wp\/v2\/pages"}],"about":[{"href":"https:\/\/orthosmile.mu\/index.php\/wp-json\/wp\/v2\/types\/page"}],"author":[{"embeddable":true,"href":"https:\/\/orthosmile.mu\/index.php\/wp-json\/wp\/v2\/users\/1"}],"replies":[{"embeddable":true,"href":"https:\/\/orthosmile.mu\/index.php\/wp-json\/wp\/v2\/comments?post=1102"}],"version-history":[{"count":1,"href":"https:\/\/orthosmile.mu\/index.php\/wp-json\/wp\/v2\/pages\/1102\/revisions"}],"predecessor-version":[{"id":1107,"href":"https:\/\/orthosmile.mu\/index.php\/wp-json\/wp\/v2\/pages\/1102\/revisions\/1107"}],"up":[{"embeddable":true,"href":"https:\/\/orthosmile.mu\/index.php\/wp-json\/wp\/v2\/pages\/1091"}],"wp:attachment":[{"href":"https:\/\/orthosmile.mu\/index.php\/wp-json\/wp\/v2\/media?parent=1102"}],"curies":[{"name":"wp","href":"https:\/\/api.w.org\/{rel}","templated":true}]}}