{"id":1220,"date":"2025-08-23T23:55:47","date_gmt":"2025-08-23T23:55:47","guid":{"rendered":"https:\/\/orthosmile.mu\/?page_id=1220"},"modified":"2025-08-24T02:41:36","modified_gmt":"2025-08-24T02:41:36","slug":"lorthodontie-chez-lenfant","status":"publish","type":"page","link":"https:\/\/orthosmile.mu\/index.php\/les-soins\/lorthodontie-chez-lenfant\/","title":{"rendered":"L&#8217;orthodontie chez l&#8217;enfant"},"content":{"rendered":"<div class=\"wpb-content-wrapper\">[vc_row][vc_column][vc_row_inner][vc_column_inner width=&#8221;2\/3&#8243;][vc_column_text]Lors de la croissance de l&#8217;enfant, la mani\u00e8re dont il respire, d\u00e9glutit ou mastique va influencer le bon d\u00e9veloppement de ses machoires et l&#8217;alignement des dents lors de leur \u00e9ruption.<\/p>\n<p>D\u00e9s l&#8217;\u00e2ge de <strong>4 ans<\/strong>, nous pouvons \u00e9tablir un <strong>bilan personnalis\u00e9<\/strong> \u00e0 votre enfant et ainsi proposer des solutions adapt\u00e9es \u00e0 l&#8217;\u00e2ge et aux types de malpositions.<\/p>\n<p>La prise en charge orthodontique chez les jeunes enfants, permet un <strong>d\u00e9veloppement <\/strong>et une <strong>croissance harmonieuse<\/strong> sans prendre de mauvaises habitudes.<\/p>\n<p>Le but \u00e0 cet \u00e2ge n&#8217;est donc pas de bouger les dents mais bien de <strong>stimuler la croissance<\/strong> des m\u00e2choires.<\/p>\n<p>On parle de <strong>traitements pr\u00e9coces<\/strong> ou <strong>traitements interc\u00e9ptifs (orthop\u00e9die)<\/strong>.<br \/>\n[\/vc_column_text][\/vc_column_inner][vc_column_inner width=&#8221;1\/3&#8243;][vc_single_image image=&#8221;1228&#8243; img_size=&#8221;full&#8221; alignment=&#8221;center&#8221;][\/vc_column_inner][\/vc_row_inner][vc_row_inner][vc_column_inner width=&#8221;1\/2&#8243;][vc_column_text]\n<h4 style=\"color: #03abf0 !important;\">La croissance transversale<\/h4>\n<p>C&#8217;est la croissance en &#8220;largeur&#8221;.<\/p>\n<p>Le but de ces traitements est d&#8217;<strong>\u00e9viter d&#8217;extraire des dents<\/strong>.<\/p>\n<p>En effet dans une grande m\u00e2choire avec toutes les dents la respiration nasale est meilleure que dans une petite m\u00e2choire avec quelques dents en moins. On \u00e9vite ainsi ronflement nocturne et apn\u00e9e du sommeil.<\/p>\n<p>L&#8217;appareil classique est le <strong>Quad H\u00e9lix<\/strong>.<\/p>\n<p>Aujourd&#8217;hui, nous vous proposons une approche par goutti\u00e8re, qui permet de faire de l&#8217;expansion et aligner les dents en m\u00eame temps.[\/vc_column_text][\/vc_column_inner][vc_column_inner width=&#8221;1\/2&#8243;][vc_video link=&#8221;https:\/\/youtu.be\/pZfnaXrZX9U&#8221; align=&#8221;center&#8221;][\/vc_column_inner][\/vc_row_inner][vc_row_inner][vc_column_inner][vc_column_text]\n<h4 style=\"color: #03abf0 !important; text-align: center;\">Traitements par goutti\u00e8res<\/h4>\n[\/vc_column_text][vc_video link=&#8221;https:\/\/youtu.be\/tKB7-Vho2j4&#8243;][\/vc_column_inner][\/vc_row_inner][vc_row_inner][vc_column_inner width=&#8221;1\/2&#8243;][vc_video link=&#8221;https:\/\/youtu.be\/XncGY42G8lU&#8221; align=&#8221;center&#8221;][\/vc_column_inner][vc_column_inner width=&#8221;1\/2&#8243;][vc_column_text]\n<h4 style=\"color: #03abf0 !important;\">La croissance ant\u00e9ro-post\u00e9rieure<\/h4>\n<p>Dans 80% des cas c&#8217;est la m\u00e2choire du bas qui est trop en arri\u00e8re (r\u00e9trognathie mandibulaire)!<\/p>\n<p>Il faut donc l&#8217;aider \u00e0 grandir vers l&#8217;avant!<\/p>\n<p>Le menton est &#8220;fuyant&#8221; (inesth\u00e9tique), et le passage de l&#8217;air est r\u00e9tr\u00e9ci (ronflements, apn\u00e9e)<\/p>\n<p>Deux groupes musculaires s&#8217;attachent sur la m\u00e2choire du bas :<\/p>\n<p>&#8212; les r\u00e9tropulseurs qui la font reculer en tirant vers l&#8217;arri\u00e8re : ils bloquent la croissance!<\/p>\n<p>&#8212; les propulseurs qui la font avancer en tirant vers l&#8217;avant : ils augmentent la croissance!<\/p>\n<p>Le but du traitement orthop\u00e9dique est de stimuler la croissance en stimulant les muscles du patient, mais pas n&#8217;importe lesquels: ceux qui tirent vers l&#8217;avant![\/vc_column_text][\/vc_column_inner][\/vc_row_inner][vc_row_inner equal_height=&#8221;yes&#8221; content_placement=&#8221;middle&#8221;][vc_column_inner width=&#8221;1\/2&#8243;][vc_column_text]\n<h4 style=\"color: #03abf0 !important;\">L&#8217;\u00e9ducation fonctionnelle<\/h4>\n<p>Le retour \u00e0 des fonctions (respiration, d\u00e9glutition, mastication&#8230;) physiologiques va permettre \u00e0 votre enfant de se d\u00e9velopper harmonieusement et permettra aussi une meilleure stabilit\u00e9 de nos traitements.<\/p>\n<p>Votre enfant apprendra \u00e0 <strong>respirer par le nez<\/strong> et non par la bouche ce qui am\u00e9liorera son sommeil, sa posture et sa croissance.<\/p>\n<p>Nous l\u2019aiderons \u00e0 <strong>repositionner sa langue lors de la d\u00e9glutition<\/strong> ce qui permettra \u00e0 sa machoire du haut de grandir correctement.<\/p>\n<p>Il apprendra \u00e9galement \u00e0 <strong>mastiquer des aliments durs<\/strong> pour d\u00e9velopper correctement ses machoires et pour diminuer la s\u00e9v\u00e9rit\u00e9 des malpositions dentaires.<\/p>\n<p>Nous l\u2019aiderons aussi \u00e0 <strong>arr\u00eater la succion du pouce<\/strong> ou d\u2019une <strong>t\u00e9tine <\/strong>qui peut-\u00eatre n\u00e9faste au del\u00e0 d\u2019un certain \u00e2ge.[\/vc_column_text][\/vc_column_inner][vc_column_inner width=&#8221;1\/2&#8243;][vc_single_image image=&#8221;1233&#8243; img_size=&#8221;full&#8221; alignment=&#8221;center&#8221;][\/vc_column_inner][\/vc_row_inner][vc_row_inner equal_height=&#8221;yes&#8221; content_placement=&#8221;middle&#8221;][vc_column_inner width=&#8221;1\/2&#8243;][vc_video link=&#8221;https:\/\/youtu.be\/nsxbY1URF4c&#8221;][\/vc_column_inner][vc_column_inner width=&#8221;1\/2&#8243;][vc_column_text]\n<h4 style=\"color: #03abf0 !important; text-align: center;\">Qu&#8217;est ce que l&#8217;\u00e9ducation fonctionnelle?<\/h4>\n[\/vc_column_text][\/vc_column_inner][\/vc_row_inner][vc_row_inner equal_height=&#8221;yes&#8221; content_placement=&#8221;middle&#8221;][vc_column_inner width=&#8221;1\/2&#8243;][vc_column_text]\n<h4 style=\"color: #03abf0 !important; text-align: center;\">Le r\u00f4le de la ventilation sur la croissance des m\u00e2choires vue par un ORL<\/h4>\n[\/vc_column_text][\/vc_column_inner][vc_column_inner width=&#8221;1\/2&#8243;][vc_video link=&#8221;https:\/\/youtu.be\/inOEUk-T45Q&#8221;][\/vc_column_inner][\/vc_row_inner][\/vc_column][\/vc_row]\n<\/div>","protected":false},"excerpt":{"rendered":"<p>[vc_row][vc_column][vc_row_inner][vc_column_inner width=&#8221;2\/3&#8243;][vc_column_text]Lors de la croissance de l&#8217;enfant, la mani\u00e8re dont il respire, d\u00e9glutit ou mastique va influencer le bon d\u00e9veloppement de ses machoires et l&#8217;alignement des dents lors de leur \u00e9ruption. D\u00e9s l&#8217;\u00e2ge de 4 ans, nous pouvons \u00e9tablir un bilan personnalis\u00e9 \u00e0 votre enfant et ainsi proposer des solutions adapt\u00e9es \u00e0 l&#8217;\u00e2ge et aux types de malpositions. La prise [&hellip;]<\/p>\n","protected":false},"author":1,"featured_media":0,"parent":1194,"menu_order":0,"comment_status":"closed","ping_status":"closed","template":"","meta":{"inline_featured_image":false,"footnotes":""},"class_list":["post-1220","page","type-page","status-publish","hentry"],"_links":{"self":[{"href":"https:\/\/orthosmile.mu\/index.php\/wp-json\/wp\/v2\/pages\/1220","targetHints":{"allow":["GET"]}}],"collection":[{"href":"https:\/\/orthosmile.mu\/index.php\/wp-json\/wp\/v2\/pages"}],"about":[{"href":"https:\/\/orthosmile.mu\/index.php\/wp-json\/wp\/v2\/types\/page"}],"author":[{"embeddable":true,"href":"https:\/\/orthosmile.mu\/index.php\/wp-json\/wp\/v2\/users\/1"}],"replies":[{"embeddable":true,"href":"https:\/\/orthosmile.mu\/index.php\/wp-json\/wp\/v2\/comments?post=1220"}],"version-history":[{"count":7,"href":"https:\/\/orthosmile.mu\/index.php\/wp-json\/wp\/v2\/pages\/1220\/revisions"}],"predecessor-version":[{"id":1273,"href":"https:\/\/orthosmile.mu\/index.php\/wp-json\/wp\/v2\/pages\/1220\/revisions\/1273"}],"up":[{"embeddable":true,"href":"https:\/\/orthosmile.mu\/index.php\/wp-json\/wp\/v2\/pages\/1194"}],"wp:attachment":[{"href":"https:\/\/orthosmile.mu\/index.php\/wp-json\/wp\/v2\/media?parent=1220"}],"curies":[{"name":"wp","href":"https:\/\/api.w.org\/{rel}","templated":true}]}}