{"id":1221,"date":"2025-08-23T21:52:56","date_gmt":"2025-08-23T21:52:56","guid":{"rendered":"https:\/\/orthosmile.mu\/?page_id=1221"},"modified":"2025-08-24T02:35:14","modified_gmt":"2025-08-24T02:35:14","slug":"lorthodontie-a-quel-age","status":"publish","type":"page","link":"https:\/\/orthosmile.mu\/index.php\/lorthodontie-a-quel-age\/","title":{"rendered":"L&#8217;orthodontie: a quel \u00e2ge?"},"content":{"rendered":"<div class=\"wpb-content-wrapper\">[vc_row][vc_column][vc_column_text]\n<div id=\"bgLayers_comp-len3o2mq1\" class=\"MW5IWV\" data-hook=\"bgLayers\" data-motion-part=\"BG_LAYER comp-len3o2mq1\">\n<div id=\"bgMedia_comp-len3o2mq1\" class=\"VgO9Yg\" data-motion-part=\"BG_MEDIA comp-len3o2mq1\"><span class=\"wixui-rich-text__text\" style=\"font-size: 1rem;\">L&#8217;orthodontie est possible \u00e0<\/span><span class=\"color_5 wixui-rich-text__text\" style=\"font-size: 1rem;\"><span class=\"wixui-rich-text__text\">\u00a0<strong>tous les \u00e2ges<\/strong>\u00a0<\/span><\/span><span class=\"wixui-rich-text__text\" style=\"font-size: 1rem;\">car les dents peuvent se d\u00e9placer tout au long de votre vie.<\/span><\/div>\n<div data-motion-part=\"BG_MEDIA comp-len3o2mq1\"><\/div>\n<\/div>\n<div class=\"\" data-mesh-id=\"comp-len3o2mq1inlineContent\" data-testid=\"inline-content\">\n<div data-mesh-id=\"comp-len3o2mq1inlineContent-gridContainer\" data-testid=\"mesh-container-content\">\n<div id=\"WRchTxt4-k5g\" class=\"Z_l5lU MMl86N zQ9jDz qvSjx3 Vq6kJx WRchTxt4-k5g wixui-rich-text\" data-testid=\"richTextElement\">\n<p class=\"font_8 wixui-rich-text__text\"><span class=\"wixui-rich-text__text\">Chaque \u00e2ge a ses caract\u00e9ristiques (p\u00e9riode de croissance mise en place des fonctions physiologiques, vitesse du remaniement osseux&#8230;), c&#8217;est pourquoi les traitements sont diff\u00e9rents.<\/span><\/p>\n<p class=\"font_8 wixui-rich-text__text\"><span class=\"wixui-rich-text__text\">Classiquement, l&#8217;orthodontie est d\u00e9finie selon 3 p\u00e9riodes: enfants, adolescents et adultes.<\/span><\/p>\n<\/div>\n<\/div>\n<\/div>\n[\/vc_column_text][\/vc_column][\/vc_row][vc_row css=&#8221;.vc_custom_1755986618189{padding-top: 0px !important;}&#8221;][vc_column width=&#8221;1\/3&#8243;][vc_single_image image=&#8221;1222&#8243; img_size=&#8221;full&#8221; alignment=&#8221;center&#8221; style=&#8221;vc_box_outline&#8221; onclick=&#8221;custom_link&#8221; link=&#8221;\/index.php\/les-soins\/lorthodontie-chez-lenfant\/&#8221;][vc_column_text]\n<h3 style=\"text-align: center;\"><a href=\"\/index.php\/les-soins\/lorthodontie-chez-lenfant\/\">Enfants<\/a><\/h3>\n[\/vc_column_text][\/vc_column][vc_column width=&#8221;1\/3&#8243;][vc_single_image image=&#8221;1226&#8243; img_size=&#8221;full&#8221; alignment=&#8221;center&#8221; style=&#8221;vc_box_outline&#8221; onclick=&#8221;custom_link&#8221; link=&#8221;\/index.php\/les-soins\/lorthodontie-chez-ladolescent\/&#8221;][vc_column_text]\n<h3 style=\"text-align: center;\"><a href=\"\/index.php\/les-soins\/lorthodontie-chez-ladolescent\/\">Adolecents<\/a><\/h3>\n[\/vc_column_text][\/vc_column][vc_column width=&#8221;1\/3&#8243;][vc_single_image image=&#8221;1227&#8243; img_size=&#8221;full&#8221; alignment=&#8221;center&#8221; style=&#8221;vc_box_outline&#8221; onclick=&#8221;custom_link&#8221; link=&#8221;\/index.php\/les-soins\/lorthodontie-chez-ladulte\/&#8221;][vc_column_text]\n<h3 style=\"text-align: center;\"><a href=\"\/index.php\/les-soins\/lorthodontie-chez-ladulte\/\">Adults<\/a><\/h3>\n[\/vc_column_text][\/vc_column][\/vc_row]\n<\/div>","protected":false},"excerpt":{"rendered":"<p>[vc_row][vc_column][vc_column_text] L&#8217;orthodontie est possible \u00e0\u00a0tous les \u00e2ges\u00a0car les dents peuvent se d\u00e9placer tout au long de votre vie. Chaque \u00e2ge a ses caract\u00e9ristiques (p\u00e9riode de croissance mise en place des fonctions physiologiques, vitesse du remaniement osseux&#8230;), c&#8217;est pourquoi les traitements sont diff\u00e9rents. Classiquement, l&#8217;orthodontie est d\u00e9finie selon 3 p\u00e9riodes: enfants, adolescents et adultes. [\/vc_column_text][\/vc_column][\/vc_row][vc_row css=&#8221;.vc_custom_1755986618189{padding-top: 0px !important;}&#8221;][vc_column width=&#8221;1\/3&#8243;][vc_single_image image=&#8221;1222&#8243; img_size=&#8221;full&#8221; [&hellip;]<\/p>\n","protected":false},"author":1,"featured_media":0,"parent":0,"menu_order":0,"comment_status":"closed","ping_status":"closed","template":"","meta":{"inline_featured_image":false,"footnotes":""},"class_list":["post-1221","page","type-page","status-publish","hentry"],"_links":{"self":[{"href":"https:\/\/orthosmile.mu\/index.php\/wp-json\/wp\/v2\/pages\/1221","targetHints":{"allow":["GET"]}}],"collection":[{"href":"https:\/\/orthosmile.mu\/index.php\/wp-json\/wp\/v2\/pages"}],"about":[{"href":"https:\/\/orthosmile.mu\/index.php\/wp-json\/wp\/v2\/types\/page"}],"author":[{"embeddable":true,"href":"https:\/\/orthosmile.mu\/index.php\/wp-json\/wp\/v2\/users\/1"}],"replies":[{"embeddable":true,"href":"https:\/\/orthosmile.mu\/index.php\/wp-json\/wp\/v2\/comments?post=1221"}],"version-history":[{"count":6,"href":"https:\/\/orthosmile.mu\/index.php\/wp-json\/wp\/v2\/pages\/1221\/revisions"}],"predecessor-version":[{"id":1270,"href":"https:\/\/orthosmile.mu\/index.php\/wp-json\/wp\/v2\/pages\/1221\/revisions\/1270"}],"wp:attachment":[{"href":"https:\/\/orthosmile.mu\/index.php\/wp-json\/wp\/v2\/media?parent=1221"}],"curies":[{"name":"wp","href":"https:\/\/api.w.org\/{rel}","templated":true}]}}