{"id":1236,"date":"2025-08-24T00:52:32","date_gmt":"2025-08-24T00:52:32","guid":{"rendered":"https:\/\/orthosmile.mu\/?page_id=1236"},"modified":"2025-08-24T02:46:10","modified_gmt":"2025-08-24T02:46:10","slug":"lorthodontie-chez-ladolescent","status":"publish","type":"page","link":"https:\/\/orthosmile.mu\/index.php\/les-soins\/lorthodontie-chez-ladolescent\/","title":{"rendered":"L&#8217;orthodontie chez l&#8217;adolescent"},"content":{"rendered":"<div class=\"wpb-content-wrapper\">[vc_row][vc_column][vc_row_inner equal_height=&#8221;yes&#8221; content_placement=&#8221;middle&#8221;][vc_column_inner width=&#8221;2\/3&#8243;][vc_column_text]A ce stade o\u00f9 toutes les dents d\u00e9finitives sont pr\u00e9sentes, il s\u2019agit surtout de <strong>corriger un mauvais alignement dentaire<\/strong>, si le patient ne pr\u00e9sente pas de d\u00e9calage des m\u00e2choires, ou si une premi\u00e8re \u00e9tape avec un appareil amovible a d\u00e9j\u00e0 \u00e9t\u00e9 mise en \u0153uvre.<\/p>\n<p>A cet \u00e2ge nous avons deux objectifs:<\/p>\n<p>&#8211; L&#8217;esth\u00e9tique de votre sourire<br \/>\n&#8211; Le fonctionnement de vos machoires: en redonnant une bonne occlusion et ainsi \u00e9viter des probl\u00e8mes parodontaux, articulaires&#8230;[\/vc_column_text][\/vc_column_inner][vc_column_inner width=&#8221;1\/3&#8243;][vc_single_image image=&#8221;1274&#8243; img_size=&#8221;full&#8221;][\/vc_column_inner][\/vc_row_inner][vc_row_inner equal_height=&#8221;yes&#8221; content_placement=&#8221;middle&#8221;][vc_column_inner width=&#8221;1\/3&#8243;][vc_single_image image=&#8221;1275&#8243; img_size=&#8221;full&#8221;][\/vc_column_inner][vc_column_inner width=&#8221;2\/3&#8243;][vc_column_text]On parlait de bagues, lorsque ces appareils faisaient le tour de la dent. Aujourd&#8217;hui, on les appelle &#8220;attaches&#8221; ou &#8220;brackets&#8221;<\/p>\n<p>Ils sont coll\u00e9s avec la m\u00eame r\u00e9sine que le dentiste utilise pour soigner les caries : la dent est donc parfaitement prot\u00e9g\u00e9e sous l&#8217;attache coll\u00e9e. Lors de la d\u00e9pose de l&#8217;appareil cette colle sera \u00e9limin\u00e9e par polissage de la dent. Donc aucun risque d&#8217;atteinte de l&#8217;\u00e9mail sous l&#8217;attache.[\/vc_column_text][\/vc_column_inner][\/vc_row_inner][vc_row_inner][vc_column_inner][vc_video link=&#8221;https:\/\/youtu.be\/79kpraknhOs&#8221; align=&#8221;center&#8221;][\/vc_column_inner][\/vc_row_inner][vc_row_inner][vc_column_inner width=&#8221;2\/3&#8243;][vc_column_text]Aujourd&#8217;hui, les brackets sont autoligaturants (il n&#8217;y a plus d&#8217;\u00e9lastiques qui attachent le fil au brackets). Cette \u00e9volution nous permet de <strong>r\u00e9duire nos temps de traitements<\/strong> et d&#8217;utiliser des <strong>forces plus l\u00e9g\u00e8res, plus confortables<\/strong> et bien meilleures pour les dents et leur environnement parodontal.<\/p>\n[\/vc_column_text][vc_video link=&#8221;https:\/\/youtu.be\/VMAzR3rJzoE&#8221; align=&#8221;center&#8221;][\/vc_column_inner][vc_column_inner width=&#8221;1\/3&#8243;][vc_single_image image=&#8221;1240&#8243; img_size=&#8221;full&#8221; alignment=&#8221;center&#8221;][\/vc_column_inner][\/vc_row_inner][vc_row_inner][vc_column_inner width=&#8221;2\/3&#8243;][vc_column_text]\n<h4 style=\"color: #03abf0 !important;\">La croissance transversale<\/h4>\n<p>Les techniques par goutti\u00e8res sont d\u00e9sormais adapt\u00e9es aux traitements des adolescents.<\/p>\n<p>Ces goutti\u00e8res sont faites <strong>sur mesures, quasiment invisibles<\/strong> \u00e0 enlever uniquement pour manger et se brosser les dents.<\/p>\n<p>Finit les recommandations alimentaires, finis les sourires crisp\u00e9s \u00e0 cause des bagues sur les photos et une hygi\u00e8ne buccale plus simple qu&#8217;avec des traitements coll\u00e9s.[\/vc_column_text][\/vc_column_inner][vc_column_inner width=&#8221;1\/3&#8243;][vc_single_image image=&#8221;1241&#8243; img_size=&#8221;full&#8221; alignment=&#8221;center&#8221;][\/vc_column_inner][\/vc_row_inner][vc_row_inner][vc_column_inner][vc_video link=&#8221;https:\/\/youtu.be\/6l44UglK2Fk&#8221; align=&#8221;center&#8221;][\/vc_column_inner][\/vc_row_inner][\/vc_column][\/vc_row]\n<\/div>","protected":false},"excerpt":{"rendered":"<p>[vc_row][vc_column][vc_row_inner equal_height=&#8221;yes&#8221; content_placement=&#8221;middle&#8221;][vc_column_inner width=&#8221;2\/3&#8243;][vc_column_text]A ce stade o\u00f9 toutes les dents d\u00e9finitives sont pr\u00e9sentes, il s\u2019agit surtout de corriger un mauvais alignement dentaire, si le patient ne pr\u00e9sente pas de d\u00e9calage des m\u00e2choires, ou si une premi\u00e8re \u00e9tape avec un appareil amovible a d\u00e9j\u00e0 \u00e9t\u00e9 mise en \u0153uvre. A cet \u00e2ge nous avons deux objectifs: &#8211; L&#8217;esth\u00e9tique de votre sourire &#8211; [&hellip;]<\/p>\n","protected":false},"author":1,"featured_media":0,"parent":1194,"menu_order":0,"comment_status":"closed","ping_status":"closed","template":"","meta":{"inline_featured_image":false,"footnotes":""},"class_list":["post-1236","page","type-page","status-publish","hentry"],"_links":{"self":[{"href":"https:\/\/orthosmile.mu\/index.php\/wp-json\/wp\/v2\/pages\/1236","targetHints":{"allow":["GET"]}}],"collection":[{"href":"https:\/\/orthosmile.mu\/index.php\/wp-json\/wp\/v2\/pages"}],"about":[{"href":"https:\/\/orthosmile.mu\/index.php\/wp-json\/wp\/v2\/types\/page"}],"author":[{"embeddable":true,"href":"https:\/\/orthosmile.mu\/index.php\/wp-json\/wp\/v2\/users\/1"}],"replies":[{"embeddable":true,"href":"https:\/\/orthosmile.mu\/index.php\/wp-json\/wp\/v2\/comments?post=1236"}],"version-history":[{"count":4,"href":"https:\/\/orthosmile.mu\/index.php\/wp-json\/wp\/v2\/pages\/1236\/revisions"}],"predecessor-version":[{"id":1277,"href":"https:\/\/orthosmile.mu\/index.php\/wp-json\/wp\/v2\/pages\/1236\/revisions\/1277"}],"up":[{"embeddable":true,"href":"https:\/\/orthosmile.mu\/index.php\/wp-json\/wp\/v2\/pages\/1194"}],"wp:attachment":[{"href":"https:\/\/orthosmile.mu\/index.php\/wp-json\/wp\/v2\/media?parent=1236"}],"curies":[{"name":"wp","href":"https:\/\/api.w.org\/{rel}","templated":true}]}}