{"id":1250,"date":"2025-08-24T01:36:20","date_gmt":"2025-08-24T01:36:20","guid":{"rendered":"https:\/\/orthosmile.mu\/?page_id=1250"},"modified":"2025-08-24T02:52:26","modified_gmt":"2025-08-24T02:52:26","slug":"les-aligneurs-gouttieres","status":"publish","type":"page","link":"https:\/\/orthosmile.mu\/index.php\/les-soins\/les-aligneurs-gouttieres\/","title":{"rendered":"Les aligneurs (goutti\u00e8res)"},"content":{"rendered":"<div class=\"wpb-content-wrapper\">[vc_row curly_bg_repeat=&#8221;bg-no-repeat&#8221; curly_bg_position=&#8221;bg-pos-center-center&#8221; css=&#8221;.vc_custom_1755982925313{background-position: center !important;background-repeat: no-repeat !important;background-size: cover !important;}&#8221;][vc_column][vc_row_inner equal_height=&#8221;yes&#8221; content_placement=&#8221;middle&#8221;][vc_column_inner width=&#8221;3\/4&#8243;][vc_column_text]Cette technique orthodontique, cr\u00e9\u00e9e aux Etats-Unis il y a un plus de vingt ans, se base sur les derni\u00e8res \u00e9volutions de l&#8217;orthodontie digitale et propose des mouvements dentaires avec des <strong>forces douces<\/strong> gr\u00e2ce \u00e0 des goutti\u00e8res transparentes. Elles sont faites <strong>sur mesure<\/strong> en plastique <strong>quasiment invisible<\/strong>.[\/vc_column_text][\/vc_column_inner][vc_column_inner width=&#8221;1\/4&#8243;][vc_single_image image=&#8221;1251&#8243; img_size=&#8221;full&#8221;][\/vc_column_inner][\/vc_row_inner][vc_row_inner equal_height=&#8221;yes&#8221; content_placement=&#8221;middle&#8221;][vc_column_inner width=&#8221;1\/2&#8243;][vc_single_image image=&#8221;1252&#8243; img_size=&#8221;full&#8221; alignment=&#8221;center&#8221;][\/vc_column_inner][vc_column_inner width=&#8221;1\/2&#8243;][vc_single_image image=&#8221;1278&#8243; img_size=&#8221;full&#8221; alignment=&#8221;center&#8221;][\/vc_column_inner][\/vc_row_inner][vc_row_inner equal_height=&#8221;yes&#8221; content_placement=&#8221;middle&#8221;][vc_column_inner width=&#8221;1\/4&#8243;][vc_single_image image=&#8221;1253&#8243; img_size=&#8221;full&#8221;][\/vc_column_inner][vc_column_inner width=&#8221;3\/4&#8243;][vc_column_text]Le traitement commence par une <strong>mod\u00e9lisation des m\u00e2choires<\/strong> gr\u00e2ce \u00e0 une <strong>cam\u00e9ra d&#8217;empreinte num\u00e9rique<\/strong>. Le proc\u00e9d\u00e9 est <strong>tr\u00e8s confortortable<\/strong> et beaucoup moins g\u00eanant que les empreintes classiques avec l&#8217;alginate. Cette prise d&#8217;empreinte est tr\u00e8s rapide et extr\u00eamement pr\u00e9cise.[\/vc_column_text][\/vc_column_inner][\/vc_row_inner][vc_row_inner][vc_column_inner][vc_column_text]Ces empreintes sont ensuite envoy\u00e9es avec <strong>la prescription individuelle faite par le Dr Boissi de chaque patient<\/strong>, \u00e0 un technicien sp\u00e9cialis\u00e9, qui va <strong>retranscrire en 3 dimensions<\/strong> les mouvements que nous lui avons demand\u00e9s. Ce plan de travail (un peu comme les plans d&#8217;un architecte) s&#8217;appel le <strong>Set Up 3D<\/strong>. C&#8217;est un des moments cl\u00e9s du traitement sur lequel nous passons beaucoup de temps, car de sa qualit\u00e9 va d\u00e9couler la r\u00e9ussite du traitement.[\/vc_column_text][vc_single_image image=&#8221;1254&#8243; img_size=&#8221;full&#8221; alignment=&#8221;center&#8221;][vc_column_text]Nous travaillons ensuite sur toutes les modifications n\u00e9cessaires \u00e0 l&#8217;obtention du <strong>r\u00e9sultat optimal<\/strong>.<\/p>\n<p>Ensuite en fonction des mouvements dentaires, nous positionnons des <strong>attachements en composites<\/strong> (petits plots en composites coll\u00e9s sur les dents) pour augmenter la r\u00e9tention et l&#8217;efficacit\u00e9 des goutti\u00e8res.<\/p>\n<p>Puis nous \u00e9tudions le <strong>&#8220;staging&#8221;<\/strong>, c&#8217;est \u00e0 dire l&#8217;ordre et la s\u00e9quence des diff\u00e9rents mouvements afin de segmenter le traitement en \u00e9tapes. C&#8217;est sur chacune de ces \u00e9tapes que sont fabriqu\u00e9es les goutti\u00e8res.[\/vc_column_text][vc_single_image image=&#8221;1279&#8243; img_size=&#8221;full&#8221; alignment=&#8221;center&#8221;][vc_video link=&#8221;https:\/\/youtu.be\/gZGv1LLQZwo&#8221; align=&#8221;center&#8221;][\/vc_column_inner][\/vc_row_inner][vc_row_inner equal_height=&#8221;yes&#8221; content_placement=&#8221;middle&#8221;][vc_column_inner width=&#8221;1\/3&#8243;][vc_single_image image=&#8221;1256&#8243; img_size=&#8221;full&#8221;][\/vc_column_inner][vc_column_inner width=&#8221;2\/3&#8243;][vc_column_text]Quelques jours apr\u00e8s la validation par l&#8217;orthodontiste, les goutti\u00e8res sont livr\u00e9es au cabinet.<\/p>\n<p>Lors de la pose des goutti\u00e8res, nous vous donnons <strong>toutes les explications n\u00e9cessaires<\/strong> au parfait d\u00e9roulement de votre traitement.<\/p>\n<p>Les goutti\u00e8res doivent \u00eatre port\u00e9es en permanence \u00e0 l\u2019exception des repas et du brossage des dents (22 heures par jours).[\/vc_column_text][\/vc_column_inner][\/vc_row_inner][vc_row_inner equal_height=&#8221;yes&#8221; content_placement=&#8221;middle&#8221;][vc_column_inner width=&#8221;2\/3&#8243;][vc_column_text]Cette technique est <strong>plus confortable<\/strong> que les techniques multi-attaches:<\/p>\n<p>. <strong>Peu d&#8217;irritations<\/strong><\/p>\n<p>. <strong>Aucunes contraintes alimentaires<\/strong><\/p>\n<p>. <strong>Aucune g\u00eane lors des activit\u00e9s (sport, musique&#8230;)<\/strong><\/p>\n<p>. <strong>Possibilit\u00e9 de les retirer lors d&#8217;\u00e9v\u00e8nements particuliers (photos de classe, \u00e9v\u00e8nements familiaux&#8230;)<\/strong><\/p>\n<p>. <strong>Hygi\u00e8ne plus facile qu&#8217;avec les bagues<\/strong>[\/vc_column_text][\/vc_column_inner][vc_column_inner width=&#8221;1\/3&#8243;][vc_single_image image=&#8221;1257&#8243; img_size=&#8221;full&#8221;][\/vc_column_inner][\/vc_row_inner][\/vc_column][\/vc_row][vc_row][vc_column][vc_column_text]\n<h4 style=\"color: #03abf0 !important; text-align: center;\">La croissance transversale<\/h4>\n[\/vc_column_text][vc_row_inner][vc_column_inner width=&#8221;1\/3&#8243;][vc_column_text]\n<p style=\"text-align: center;\">Pour les enfants<\/p>\n[\/vc_column_text][vc_single_image image=&#8221;1260&#8243; img_size=&#8221;full&#8221; alignment=&#8221;center&#8221;][\/vc_column_inner][vc_column_inner width=&#8221;1\/3&#8243;][vc_column_text]\n<p style=\"text-align: center;\">Pour les adolescents<\/p>\n[\/vc_column_text][vc_single_image image=&#8221;1261&#8243; img_size=&#8221;full&#8221; alignment=&#8221;center&#8221;][\/vc_column_inner][vc_column_inner width=&#8221;1\/3&#8243;][vc_column_text]\n<p style=\"text-align: center;\">Pour les adultes<\/p>\n[\/vc_column_text][vc_single_image image=&#8221;1262&#8243; img_size=&#8221;full&#8221; alignment=&#8221;center&#8221;][\/vc_column_inner][\/vc_row_inner][vc_row_inner][vc_column_inner][vc_video link=&#8221;https:\/\/youtu.be\/v_HC2G3tg44&#8243; align=&#8221;center&#8221;][\/vc_column_inner][\/vc_row_inner][vc_single_image image=&#8221;1263&#8243; img_size=&#8221;full&#8221; alignment=&#8221;center&#8221;][\/vc_column][\/vc_row]\n<\/div>","protected":false},"excerpt":{"rendered":"<p>[vc_row curly_bg_repeat=&#8221;bg-no-repeat&#8221; curly_bg_position=&#8221;bg-pos-center-center&#8221; css=&#8221;.vc_custom_1755982925313{background-position: center !important;background-repeat: no-repeat !important;background-size: cover !important;}&#8221;][vc_column][vc_row_inner equal_height=&#8221;yes&#8221; content_placement=&#8221;middle&#8221;][vc_column_inner width=&#8221;3\/4&#8243;][vc_column_text]Cette technique orthodontique, cr\u00e9\u00e9e aux Etats-Unis il y a un plus de vingt ans, se base sur les derni\u00e8res \u00e9volutions de l&#8217;orthodontie digitale et propose des mouvements dentaires avec des forces douces gr\u00e2ce \u00e0 des goutti\u00e8res transparentes. Elles sont faites sur mesure en plastique quasiment invisible.[\/vc_column_text][\/vc_column_inner][vc_column_inner width=&#8221;1\/4&#8243;][vc_single_image image=&#8221;1251&#8243; [&hellip;]<\/p>\n","protected":false},"author":1,"featured_media":0,"parent":1194,"menu_order":0,"comment_status":"closed","ping_status":"closed","template":"","meta":{"inline_featured_image":false,"footnotes":""},"class_list":["post-1250","page","type-page","status-publish","hentry"],"_links":{"self":[{"href":"https:\/\/orthosmile.mu\/index.php\/wp-json\/wp\/v2\/pages\/1250","targetHints":{"allow":["GET"]}}],"collection":[{"href":"https:\/\/orthosmile.mu\/index.php\/wp-json\/wp\/v2\/pages"}],"about":[{"href":"https:\/\/orthosmile.mu\/index.php\/wp-json\/wp\/v2\/types\/page"}],"author":[{"embeddable":true,"href":"https:\/\/orthosmile.mu\/index.php\/wp-json\/wp\/v2\/users\/1"}],"replies":[{"embeddable":true,"href":"https:\/\/orthosmile.mu\/index.php\/wp-json\/wp\/v2\/comments?post=1250"}],"version-history":[{"count":4,"href":"https:\/\/orthosmile.mu\/index.php\/wp-json\/wp\/v2\/pages\/1250\/revisions"}],"predecessor-version":[{"id":1280,"href":"https:\/\/orthosmile.mu\/index.php\/wp-json\/wp\/v2\/pages\/1250\/revisions\/1280"}],"up":[{"embeddable":true,"href":"https:\/\/orthosmile.mu\/index.php\/wp-json\/wp\/v2\/pages\/1194"}],"wp:attachment":[{"href":"https:\/\/orthosmile.mu\/index.php\/wp-json\/wp\/v2\/media?parent=1250"}],"curies":[{"name":"wp","href":"https:\/\/api.w.org\/{rel}","templated":true}]}}